{"id":149,"date":"2025-10-13T12:42:31","date_gmt":"2025-10-13T12:42:31","guid":{"rendered":"https:\/\/mashost.cl\/uprende\/?page_id=149"},"modified":"2025-10-13T20:17:21","modified_gmt":"2025-10-13T20:17:21","slug":"nosotros","status":"publish","type":"page","link":"https:\/\/mashost.cl\/uprende\/nosotros\/","title":{"rendered":"Nosotros"},"content":{"rendered":"\t\t<div data-elementor-type=\"wp-page\" data-elementor-id=\"149\" class=\"elementor elementor-149\" data-elementor-post-type=\"page\">\n\t\t\t\t<div class=\"wd-negative-gap elementor-element elementor-element-10ed6df7 wd-section-stretch e-flex e-con-boxed e-con e-parent\" data-id=\"10ed6df7\" data-element_type=\"container\" data-settings=\"{&quot;background_background&quot;:&quot;classic&quot;}\">\n\t\t\t\t\t<div class=\"e-con-inner\">\n\t\t<div class=\"wd-negative-gap elementor-element elementor-element-5d682188 e-flex e-con-boxed e-con e-child\" data-id=\"5d682188\" data-element_type=\"container\">\n\t\t\t\t\t<div class=\"e-con-inner\">\n\t\t<div class=\"elementor-element elementor-element-14936c20 e-con-full e-flex e-con e-child\" data-id=\"14936c20\" data-element_type=\"container\" data-settings=\"{&quot;background_background&quot;:&quot;classic&quot;}\">\n\t\t\t\t<div class=\"elementor-element elementor-element-683379ce elementor-widget elementor-widget-heading\" data-id=\"683379ce\" data-element_type=\"widget\" data-widget_type=\"heading.default\">\n\t\t\t\t\t<h2 class=\"elementor-heading-title elementor-size-default\">Nosotros<\/h2>\t\t\t\t<\/div>\n\t\t\t\t<div class=\"elementor-element elementor-element-e7da2cc elementor-widget elementor-widget-woocommerce-breadcrumb\" data-id=\"e7da2cc\" data-element_type=\"widget\" data-widget_type=\"woocommerce-breadcrumb.default\">\n\t\t\t\t\t<nav class=\"wd-breadcrumbs woocommerce-breadcrumb\" aria-label=\"Breadcrumb\">\t\t\t\t<span class=\"wd-last\">\n\t\t\t\t\tInicio\t\t\t\t<\/span>\n\t\t\t<\/nav>\t\t\t\t<\/div>\n\t\t\t\t<\/div>\n\t\t\t\t\t<\/div>\n\t\t\t\t<\/div>\n\t\t\t\t\t<\/div>\n\t\t\t\t<\/div>\n\t\t<div class=\"wd-negative-gap elementor-element elementor-element-f0cdec2 e-flex e-con-boxed e-con e-parent\" data-id=\"f0cdec2\" data-element_type=\"container\">\n\t\t\t\t\t<div class=\"e-con-inner\">\n\t\t<div class=\"wd-negative-gap elementor-element elementor-element-c7b076c e-flex e-con-boxed e-con e-child\" data-id=\"c7b076c\" data-element_type=\"container\">\n\t\t\t\t\t<div class=\"e-con-inner\">\n\t\t<div class=\"wd-negative-gap elementor-element elementor-element-41315fbd e-flex e-con-boxed e-con e-child\" data-id=\"41315fbd\" data-element_type=\"container\">\n\t\t\t\t\t<div class=\"e-con-inner\">\n\t\t<div class=\"wd-negative-gap elementor-element elementor-element-33b24f3 elementor-hidden-mobile e-flex e-con-boxed elementor-invisible e-con e-child\" data-id=\"33b24f3\" data-element_type=\"container\" data-settings=\"{&quot;animation&quot;:&quot;wd-anim-zoom-in&quot;}\">\n\t\t\t\t\t<div class=\"e-con-inner\">\n\t\t\t\t<div class=\"elementor-element elementor-element-5b32812c elementor-widget elementor-widget-image\" data-id=\"5b32812c\" data-element_type=\"widget\" data-widget_type=\"image.default\">\n\t\t\t\t\t\t\t\t\t\t\t\t\t\t\t<img fetchpriority=\"high\" decoding=\"async\" width=\"700\" height=\"875\" src=\"https:\/\/mashost.cl\/uprende\/wp-content\/uploads\/2025\/10\/Propuesata.webp\" class=\"attachment-large size-large wp-image-169\" alt=\"\" srcset=\"https:\/\/mashost.cl\/uprende\/wp-content\/uploads\/2025\/10\/Propuesata.webp 700w, https:\/\/mashost.cl\/uprende\/wp-content\/uploads\/2025\/10\/Propuesata-240x300.webp 240w, https:\/\/mashost.cl\/uprende\/wp-content\/uploads\/2025\/10\/Propuesata-600x750.webp 600w, https:\/\/mashost.cl\/uprende\/wp-content\/uploads\/2025\/10\/Propuesata-150x188.webp 150w\" sizes=\"(max-width: 700px) 100vw, 700px\" \/>\t\t\t\t\t\t\t\t\t\t\t\t\t\t\t<\/div>\n\t\t\t\t\t<\/div>\n\t\t\t\t<\/div>\n\t\t<div class=\"wd-negative-gap elementor-element elementor-element-65d6e3ab e-flex e-con-boxed e-con e-child\" data-id=\"65d6e3ab\" data-element_type=\"container\" data-settings=\"{&quot;background_background&quot;:&quot;classic&quot;}\">\n\t\t\t\t\t<div class=\"e-con-inner\">\n\t\t\t\t<div class=\"elementor-element elementor-element-814d3e5 elementor-invisible elementor-widget elementor-widget-image\" data-id=\"814d3e5\" data-element_type=\"widget\" data-settings=\"{&quot;_animation&quot;:&quot;wd-anim-zoom-in&quot;,&quot;_animation_delay&quot;:200}\" data-widget_type=\"image.default\">\n\t\t\t\t\t\t\t\t\t\t\t\t\t\t\t<img decoding=\"async\" width=\"700\" height=\"875\" src=\"https:\/\/mashost.cl\/uprende\/wp-content\/uploads\/2025\/10\/Propuesta3.webp\" class=\"attachment-large size-large wp-image-171\" alt=\"\" srcset=\"https:\/\/mashost.cl\/uprende\/wp-content\/uploads\/2025\/10\/Propuesta3.webp 700w, https:\/\/mashost.cl\/uprende\/wp-content\/uploads\/2025\/10\/Propuesta3-240x300.webp 240w, https:\/\/mashost.cl\/uprende\/wp-content\/uploads\/2025\/10\/Propuesta3-600x750.webp 600w, https:\/\/mashost.cl\/uprende\/wp-content\/uploads\/2025\/10\/Propuesta3-150x188.webp 150w\" sizes=\"(max-width: 700px) 100vw, 700px\" \/>\t\t\t\t\t\t\t\t\t\t\t\t\t\t\t<\/div>\n\t\t\t\t\t<\/div>\n\t\t\t\t<\/div>\n\t\t<div class=\"wd-negative-gap elementor-element elementor-element-6fe94745 elementor-hidden-mobile e-flex e-con-boxed e-con e-child\" data-id=\"6fe94745\" data-element_type=\"container\" data-settings=\"{&quot;background_background&quot;:&quot;classic&quot;}\">\n\t\t\t\t\t<div class=\"e-con-inner\">\n\t\t\t\t<div class=\"elementor-element elementor-element-3e5add21 elementor-invisible elementor-widget elementor-widget-image\" data-id=\"3e5add21\" data-element_type=\"widget\" data-settings=\"{&quot;_animation&quot;:&quot;wd-anim-zoom-in&quot;,&quot;_animation_delay&quot;:400}\" data-widget_type=\"image.default\">\n\t\t\t\t\t\t\t\t\t\t\t\t\t\t\t<img decoding=\"async\" width=\"700\" height=\"875\" src=\"https:\/\/mashost.cl\/uprende\/wp-content\/uploads\/2025\/10\/Propuesta12.webp\" class=\"attachment-large size-large wp-image-172\" alt=\"\" srcset=\"https:\/\/mashost.cl\/uprende\/wp-content\/uploads\/2025\/10\/Propuesta12.webp 700w, https:\/\/mashost.cl\/uprende\/wp-content\/uploads\/2025\/10\/Propuesta12-240x300.webp 240w, https:\/\/mashost.cl\/uprende\/wp-content\/uploads\/2025\/10\/Propuesta12-600x750.webp 600w, https:\/\/mashost.cl\/uprende\/wp-content\/uploads\/2025\/10\/Propuesta12-150x188.webp 150w\" sizes=\"(max-width: 700px) 100vw, 700px\" \/>\t\t\t\t\t\t\t\t\t\t\t\t\t\t\t<\/div>\n\t\t\t\t\t<\/div>\n\t\t\t\t<\/div>\n\t\t\t\t\t<\/div>\n\t\t\t\t<\/div>\n\t\t<div class=\"wd-negative-gap elementor-element elementor-element-6848f8e2 e-flex e-con-boxed e-con e-child\" data-id=\"6848f8e2\" data-element_type=\"container\">\n\t\t\t\t\t<div class=\"e-con-inner\">\n\t\t\t\t<div class=\"elementor-element elementor-element-519d516c elementor-invisible elementor-widget elementor-widget-heading\" data-id=\"519d516c\" data-element_type=\"widget\" data-settings=\"{&quot;_animation&quot;:&quot;fadeInDown&quot;}\" data-widget_type=\"heading.default\">\n\t\t\t\t\t<h2 class=\"elementor-heading-title elementor-size-default\">Disponemos para ti los recursos de formaci\u00f3n profesional en el \u00e1rea de tu inter\u00e9s a un s\u00f3lo clic. <\/h2>\t\t\t\t<\/div>\n\t\t\t\t<div class=\"elementor-element elementor-element-f391cef elementor-widget__width-initial color-scheme-inherit text-left elementor-invisible elementor-widget elementor-widget-text-editor\" data-id=\"f391cef\" data-element_type=\"widget\" data-settings=\"{&quot;_animation&quot;:&quot;wd-anim-zoom-in&quot;}\" data-widget_type=\"text-editor.default\">\n\t\t\t\t\t\t\t\t\t<p>Buscamos convertirnos en una de las principales plataformas de ense\u00f1anza para profesionales y estudiantes del \u00e1rea de la salud en Chile y Latinoam\u00e9rica.<\/p>\t\t\t\t\t\t\t\t<\/div>\n\t\t<div class=\"wd-negative-gap elementor-element elementor-element-540ec44a e-flex e-con-boxed e-con e-child\" data-id=\"540ec44a\" data-element_type=\"container\">\n\t\t\t\t\t<div class=\"e-con-inner\">\n\t\t\t\t<div class=\"elementor-element elementor-element-6a7c2ced elementor-invisible elementor-widget elementor-widget-counter\" data-id=\"6a7c2ced\" data-element_type=\"widget\" data-settings=\"{&quot;_animation&quot;:&quot;fadeIn&quot;,&quot;_animation_delay&quot;:200}\" data-widget_type=\"counter.default\">\n\t\t\t\t\t\t\t<div class=\"elementor-counter\">\n\t\t\t<div class=\"elementor-counter-title\">Cursos Online<\/div>\t\t\t<div class=\"elementor-counter-number-wrapper\">\n\t\t\t\t<span class=\"elementor-counter-number-prefix\"><\/span>\n\t\t\t\t<span class=\"elementor-counter-number\" data-duration=\"2000\" data-to-value=\"90\" data-from-value=\"0\" data-delimiter=\",\">0<\/span>\n\t\t\t\t<span class=\"elementor-counter-number-suffix\">+<\/span>\n\t\t\t<\/div>\n\t\t<\/div>\n\t\t\t\t\t\t<\/div>\n\t\t\t\t<div class=\"elementor-element elementor-element-3a9bd8b7 elementor-invisible elementor-widget elementor-widget-counter\" data-id=\"3a9bd8b7\" data-element_type=\"widget\" data-settings=\"{&quot;_animation&quot;:&quot;fadeIn&quot;,&quot;_animation_delay&quot;:400}\" data-widget_type=\"counter.default\">\n\t\t\t\t\t\t\t<div class=\"elementor-counter\">\n\t\t\t<div class=\"elementor-counter-title\">Entregando soluciones<\/div>\t\t\t<div class=\"elementor-counter-number-wrapper\">\n\t\t\t\t<span class=\"elementor-counter-number-prefix\"><\/span>\n\t\t\t\t<span class=\"elementor-counter-number\" data-duration=\"2000\" data-to-value=\"4\" data-from-value=\"0\" data-delimiter=\",\">0<\/span>\n\t\t\t\t<span class=\"elementor-counter-number-suffix\"> A\u00f1os<\/span>\n\t\t\t<\/div>\n\t\t<\/div>\n\t\t\t\t\t\t<\/div>\n\t\t\t\t<div class=\"elementor-element elementor-element-5bf2d4a elementor-invisible elementor-widget elementor-widget-counter\" data-id=\"5bf2d4a\" data-element_type=\"widget\" data-settings=\"{&quot;_animation&quot;:&quot;fadeIn&quot;,&quot;_animation_delay&quot;:600}\" data-widget_type=\"counter.default\">\n\t\t\t\t\t\t\t<div class=\"elementor-counter\">\n\t\t\t<div class=\"elementor-counter-title\">Accede cuando quieras<\/div>\t\t\t<div class=\"elementor-counter-number-wrapper\">\n\t\t\t\t<span class=\"elementor-counter-number-prefix\"><\/span>\n\t\t\t\t<span class=\"elementor-counter-number\" data-duration=\"2000\" data-to-value=\"24\" data-from-value=\"0\" data-delimiter=\",\">0<\/span>\n\t\t\t\t<span class=\"elementor-counter-number-suffix\">\/7<\/span>\n\t\t\t<\/div>\n\t\t<\/div>\n\t\t\t\t\t\t<\/div>\n\t\t\t\t\t<\/div>\n\t\t\t\t<\/div>\n\t\t\t\t\t<\/div>\n\t\t\t\t<\/div>\n\t\t\t\t\t<\/div>\n\t\t\t\t<\/div>\n\t\t\t\t\t<\/div>\n\t\t\t\t<\/div>\n\t\t<div class=\"wd-negative-gap elementor-element elementor-element-3e4c2063 e-flex e-con-boxed e-con e-parent\" data-id=\"3e4c2063\" data-element_type=\"container\">\n\t\t\t\t\t<div class=\"e-con-inner\">\n\t\t<div class=\"wd-negative-gap elementor-element elementor-element-5157a9f2 e-flex e-con-boxed e-con e-child\" data-id=\"5157a9f2\" data-element_type=\"container\">\n\t\t\t\t\t<div class=\"e-con-inner\">\n\t\t\t\t<div class=\"elementor-element elementor-element-7a2eb8c2 elementor-invisible elementor-widget elementor-widget-heading\" data-id=\"7a2eb8c2\" data-element_type=\"widget\" data-settings=\"{&quot;_animation&quot;:&quot;fadeInDown&quot;}\" data-widget_type=\"heading.default\">\n\t\t\t\t\t<h2 class=\"elementor-heading-title elementor-size-default\">Nuestra Historia<\/h2>\t\t\t\t<\/div>\n\t\t\t\t<div class=\"elementor-element elementor-element-751ce0d color-scheme-inherit text-left elementor-invisible elementor-widget elementor-widget-text-editor\" data-id=\"751ce0d\" data-element_type=\"widget\" data-settings=\"{&quot;_animation&quot;:&quot;wd-anim-zoom-in&quot;}\" data-widget_type=\"text-editor.default\">\n\t\t\t\t\t\t\t\t\t<p>Empresa nacida el a\u00f1o 2021 y formalizada un a\u00f1o despu\u00e9s. Entregamos servicios educativos en l\u00ednea para personas y profesionales del \u00e1rea de la salud con el objetivo de proveer material que les permita actualizarse o profundizar en \u00e1reas de inter\u00e9s y del quehacer profesional propio.<\/p><p>Actualmente, estamos fortaleciendo el \u00e1rea de Audiolog\u00eda, ofreciendo formaci\u00f3n relevante y actualizada en la evaluaci\u00f3n e intervenci\u00f3n de las dificultades de la audici\u00f3n.<\/p><p>Nuestro deseo es llegar a posicionarnos como los principales exponentes en diferentes \u00e1reas de la formaci\u00f3n profesional en salud.<\/p>\t\t\t\t\t\t\t\t<\/div>\n\t\t<div class=\"elementor-element elementor-element-7d415f5a e-con-full e-flex e-con e-child\" data-id=\"7d415f5a\" data-element_type=\"container\">\n\t\t<div class=\"elementor-element elementor-element-415e800a e-con-full e-flex elementor-invisible e-con e-child\" data-id=\"415e800a\" data-element_type=\"container\" data-settings=\"{&quot;animation&quot;:&quot;wd-anim-zoom-in&quot;}\">\n\t\t\t\t<div class=\"elementor-element elementor-element-2862a749 elementor-widget elementor-widget-heading\" data-id=\"2862a749\" data-element_type=\"widget\" data-widget_type=\"heading.default\">\n\t\t\t\t\t<h2 class=\"elementor-heading-title elementor-size-default\">Nuestra Visi\u00f3n<\/h2>\t\t\t\t<\/div>\n\t\t\t\t<div class=\"elementor-element elementor-element-3feb534e color-scheme-inherit text-left elementor-widget elementor-widget-text-editor\" data-id=\"3feb534e\" data-element_type=\"widget\" data-widget_type=\"text-editor.default\">\n\t\t\t\t\t\t\t\t\t<p>Ser l\u00edderes en educaci\u00f3n continua en salud, reconocidos por la excelencia y la innovaci\u00f3n en nuestros programas formativos.<\/p>\t\t\t\t\t\t\t\t<\/div>\n\t\t\t\t<\/div>\n\t\t<div class=\"wd-negative-gap elementor-element elementor-element-30b230d e-flex e-con-boxed elementor-invisible e-con e-child\" data-id=\"30b230d\" data-element_type=\"container\" data-settings=\"{&quot;animation&quot;:&quot;wd-anim-zoom-in&quot;}\">\n\t\t\t\t\t<div class=\"e-con-inner\">\n\t\t\t\t<div class=\"elementor-element elementor-element-5236f9b1 elementor-widget elementor-widget-heading\" data-id=\"5236f9b1\" data-element_type=\"widget\" data-widget_type=\"heading.default\">\n\t\t\t\t\t<h2 class=\"elementor-heading-title elementor-size-default\">Nuestra Misi\u00f3n<\/h2>\t\t\t\t<\/div>\n\t\t\t\t<div class=\"elementor-element elementor-element-3558e470 color-scheme-inherit text-left elementor-widget elementor-widget-text-editor\" data-id=\"3558e470\" data-element_type=\"widget\" data-widget_type=\"text-editor.default\">\n\t\t\t\t\t\t\t\t\t<p>Ofrecer formaci\u00f3n en l\u00ednea de calidad para profesionales de la salud, promoviendo la actualizaci\u00f3n y el desarrollo continuo de sus competencias.<\/p>\t\t\t\t\t\t\t\t<\/div>\n\t\t\t\t\t<\/div>\n\t\t\t\t<\/div>\n\t\t\t\t<\/div>\n\t\t\t\t\t<\/div>\n\t\t\t\t<\/div>\n\t\t<div class=\"wd-negative-gap elementor-element elementor-element-392765fa e-flex e-con-boxed elementor-invisible e-con e-child\" data-id=\"392765fa\" data-element_type=\"container\" data-settings=\"{&quot;background_background&quot;:&quot;classic&quot;,&quot;animation&quot;:&quot;fadeInRight&quot;}\">\n\t\t\t\t\t<div class=\"e-con-inner\">\n\t\t\t\t<div class=\"elementor-element elementor-element-7ac94763 elementor-invisible elementor-widget elementor-widget-image\" data-id=\"7ac94763\" data-element_type=\"widget\" data-settings=\"{&quot;_animation&quot;:&quot;wd-anim-zoom-in&quot;,&quot;_animation_delay&quot;:200}\" data-widget_type=\"image.default\">\n\t\t\t\t\t\t\t\t\t\t\t\t\t\t\t<img loading=\"lazy\" decoding=\"async\" width=\"700\" height=\"753\" src=\"https:\/\/mashost.cl\/uprende\/wp-content\/uploads\/2025\/10\/fau.webp\" class=\"attachment-large size-large wp-image-163\" alt=\"\" srcset=\"https:\/\/mashost.cl\/uprende\/wp-content\/uploads\/2025\/10\/fau.webp 700w, https:\/\/mashost.cl\/uprende\/wp-content\/uploads\/2025\/10\/fau-279x300.webp 279w, https:\/\/mashost.cl\/uprende\/wp-content\/uploads\/2025\/10\/fau-600x645.webp 600w, https:\/\/mashost.cl\/uprende\/wp-content\/uploads\/2025\/10\/fau-150x161.webp 150w\" sizes=\"(max-width: 700px) 100vw, 700px\" \/>\t\t\t\t\t\t\t\t\t\t\t\t\t\t\t<\/div>\n\t\t\t\t\t<\/div>\n\t\t\t\t<\/div>\n\t\t\t\t\t<\/div>\n\t\t\t\t<\/div>\n\t\t<div class=\"elementor-element elementor-element-d55037e e-flex e-con-boxed elementor-invisible e-con e-parent\" data-id=\"d55037e\" data-element_type=\"container\" data-settings=\"{&quot;animation&quot;:&quot;fadeIn&quot;,&quot;animation_delay&quot;:200}\">\n\t\t\t\t\t<div class=\"e-con-inner\">\n\t\t<div class=\"elementor-element elementor-element-c2458db e-flex e-con-boxed e-con e-child\" data-id=\"c2458db\" data-element_type=\"container\" data-settings=\"{&quot;background_background&quot;:&quot;gradient&quot;}\">\n\t\t\t\t\t<div class=\"e-con-inner\">\n\t\t<div class=\"elementor-element elementor-element-0311ecf e-con-full e-flex e-con e-child\" data-id=\"0311ecf\" data-element_type=\"container\">\n\t\t\t\t<div class=\"elementor-element elementor-element-799e2d4 elementor-widget elementor-widget-heading\" data-id=\"799e2d4\" data-element_type=\"widget\" data-widget_type=\"heading.default\">\n\t\t\t\t\t<h2 class=\"elementor-heading-title elementor-size-default\">Listo para aprender?, Cont\u00e1ctanos!<\/h2>\t\t\t\t<\/div>\n\t\t\t\t<div class=\"elementor-element elementor-element-ebe884d text-center elementor-widget__width-initial color-scheme-inherit elementor-widget elementor-widget-text-editor\" data-id=\"ebe884d\" data-element_type=\"widget\" data-widget_type=\"text-editor.default\">\n\t\t\t\t\t\t\t\t\t<p>Estamos aqu\u00ed para ayudarte a dar el siguiente paso en tu formaci\u00f3n. Escr\u00edbenos y recibe toda la informaci\u00f3n que necesitas.<\/p>\t\t\t\t\t\t\t\t<\/div>\n\t\t<div class=\"elementor-element elementor-element-97d9350 e-con-full e-flex e-con e-child\" data-id=\"97d9350\" data-element_type=\"container\">\n\t\t\t\t<div class=\"elementor-element elementor-element-216fc9d elementor-widget elementor-widget-button\" data-id=\"216fc9d\" data-element_type=\"widget\" data-widget_type=\"button.default\">\n\t\t\t\t\t\t\t\t\t\t<a class=\"elementor-button elementor-size-sm elementor-animation-shrink\" role=\"button\">\n\t\t\t\t\t\t<span class=\"elementor-button-content-wrapper\">\n\t\t\t\t\t\t<span class=\"elementor-button-icon\">\n\t\t\t\t<svg aria-hidden=\"true\" class=\"e-font-icon-svg e-fas-envelope\" viewBox=\"0 0 512 512\" xmlns=\"http:\/\/www.w3.org\/2000\/svg\"><path d=\"M502.3 190.8c3.9-3.1 9.7-.2 9.7 4.7V400c0 26.5-21.5 48-48 48H48c-26.5 0-48-21.5-48-48V195.6c0-5 5.7-7.8 9.7-4.7 22.4 17.4 52.1 39.5 154.1 113.6 21.1 15.4 56.7 47.8 92.2 47.6 35.7.3 72-32.8 92.3-47.6 102-74.1 131.6-96.3 154-113.7zM256 320c23.2.4 56.6-29.2 73.4-41.4 132.7-96.3 142.8-104.7 173.4-128.7 5.8-4.5 9.2-11.5 9.2-18.9v-19c0-26.5-21.5-48-48-48H48C21.5 64 0 85.5 0 112v19c0 7.4 3.4 14.3 9.2 18.9 30.6 23.9 40.7 32.4 173.4 128.7 16.8 12.2 50.2 41.8 73.4 41.4z\"><\/path><\/svg>\t\t\t<\/span>\n\t\t\t\t\t\t\t\t\t<span class=\"elementor-button-text\">ESCR\u00cdBENOS<\/span>\n\t\t\t\t\t<\/span>\n\t\t\t\t\t<\/a>\n\t\t\t\t\t\t\t\t<\/div>\n\t\t\t\t<div class=\"elementor-element elementor-element-0633551 elementor-widget elementor-widget-button\" data-id=\"0633551\" data-element_type=\"widget\" data-widget_type=\"button.default\">\n\t\t\t\t\t\t\t\t\t\t<a class=\"elementor-button elementor-size-sm elementor-animation-shrink\" role=\"button\">\n\t\t\t\t\t\t<span class=\"elementor-button-content-wrapper\">\n\t\t\t\t\t\t<span class=\"elementor-button-icon\">\n\t\t\t\t<svg xmlns=\"http:\/\/www.w3.org\/2000\/svg\" xmlns:xlink=\"http:\/\/www.w3.org\/1999\/xlink\" width=\"512\" height=\"512\" x=\"0\" y=\"0\" viewBox=\"0 0 512 512\" style=\"enable-background:new 0 0 512 512\" xml:space=\"preserve\" class=\"\"><g><path fill-rule=\"evenodd\" d=\"M120.491 0H118.1a35.829 35.829 0 0 0-12.057 2.5l-1.06.42c-16.574 6.563-65.451 24.649-77.5 36.7C9.5 57.6 1.239 79.93.139 105.194c-1.228 28.23 6.724 57.616 17.219 83.581 26.6 65.811 76.542 129.636 126.395 179.49s113.679 99.8 179.491 126.4C347.572 504.5 374.636 512 401.051 512q2.891 0 5.78-.122c25.261-1.1 47.6-9.361 65.572-27.34 12.325-12.326 30.1-60.548 36.661-77.387l.414-1.064a35.563 35.563 0 0 0-15.364-44.04l-87.56-50.547a35.782 35.782 0 0 0-48.793 13.074c-8.661 15-21.777 27.168-39.2 30.728a57.455 57.455 0 0 1-47.34-10.633c-19.447-14.594-37.994-31.52-55.178-48.7s-34.1-35.725-48.693-55.168a57.458 57.458 0 0 1-10.636-47.343c3.561-17.415 15.736-30.538 30.733-39.2a35.811 35.811 0 0 0 13.072-48.79L149.97 17.909A35.376 35.376 0 0 0 120.491 0zM259.72 20.42A20.421 20.421 0 0 1 280.142 0a231.842 231.842 0 0 1 231.844 231.85 20.42 20.42 0 0 1-40.84 0 191 191 0 0 0-191-191.006A20.421 20.421 0 0 1 259.72 20.42zm0 82.733a20.422 20.422 0 0 1 20.42-20.424 149.109 149.109 0 0 1 149.116 149.117 20.421 20.421 0 0 1-40.841 0 108.27 108.27 0 0 0-108.273-108.273 20.421 20.421 0 0 1-20.422-20.42zm0 82.728a20.421 20.421 0 0 1 20.422-20.419 66.379 66.379 0 0 1 66.382 66.384 20.421 20.421 0 0 1-40.842 0 25.54 25.54 0 0 0-25.54-25.545 20.421 20.421 0 0 1-20.422-20.42z\" fill=\"#7fffd4\" opacity=\"1\" data-original=\"#000000\" class=\"\"><\/path><\/g><\/svg>\t\t\t<\/span>\n\t\t\t\t\t\t\t\t\t<span class=\"elementor-button-text\">LL\u00c1MANOS<\/span>\n\t\t\t\t\t<\/span>\n\t\t\t\t\t<\/a>\n\t\t\t\t\t\t\t\t<\/div>\n\t\t\t\t<\/div>\n\t\t\t\t<\/div>\n\t\t\t\t\t<\/div>\n\t\t\t\t<\/div>\n\t\t\t\t\t<\/div>\n\t\t\t\t<\/div>\n\t\t\t\t<\/div>\n\t\t","protected":false},"excerpt":{"rendered":"<p>Nosotros Disponemos para ti los recursos de formaci\u00f3n profesional en el \u00e1rea de tu inter\u00e9s a un s\u00f3lo clic. Buscamos<\/p>\n","protected":false},"author":1,"featured_media":0,"parent":0,"menu_order":0,"comment_status":"closed","ping_status":"closed","template":"elementor_header_footer","meta":{"footnotes":""},"class_list":["post-149","page","type-page","status-publish","hentry"],"_links":{"self":[{"href":"https:\/\/mashost.cl\/uprende\/wp-json\/wp\/v2\/pages\/149","targetHints":{"allow":["GET"]}}],"collection":[{"href":"https:\/\/mashost.cl\/uprende\/wp-json\/wp\/v2\/pages"}],"about":[{"href":"https:\/\/mashost.cl\/uprende\/wp-json\/wp\/v2\/types\/page"}],"author":[{"embeddable":true,"href":"https:\/\/mashost.cl\/uprende\/wp-json\/wp\/v2\/users\/1"}],"replies":[{"embeddable":true,"href":"https:\/\/mashost.cl\/uprende\/wp-json\/wp\/v2\/comments?post=149"}],"version-history":[{"count":28,"href":"https:\/\/mashost.cl\/uprende\/wp-json\/wp\/v2\/pages\/149\/revisions"}],"predecessor-version":[{"id":217,"href":"https:\/\/mashost.cl\/uprende\/wp-json\/wp\/v2\/pages\/149\/revisions\/217"}],"wp:attachment":[{"href":"https:\/\/mashost.cl\/uprende\/wp-json\/wp\/v2\/media?parent=149"}],"curies":[{"name":"wp","href":"https:\/\/api.w.org\/{rel}","templated":true}]}}