{"id":118,"date":"2025-10-13T19:01:11","date_gmt":"2025-10-13T19:01:11","guid":{"rendered":"https:\/\/mashost.cl\/uprende\/?page_id=118"},"modified":"2025-10-13T20:30:45","modified_gmt":"2025-10-13T20:30:45","slug":"terminos-y-condiciones","status":"publish","type":"page","link":"https:\/\/mashost.cl\/uprende\/terminos-y-condiciones\/","title":{"rendered":"T\u00e9rminos y condiciones"},"content":{"rendered":"\t\t<div data-elementor-type=\"wp-page\" data-elementor-id=\"118\" class=\"elementor elementor-118\" data-elementor-post-type=\"page\">\n\t\t\t\t<div class=\"wd-negative-gap elementor-element elementor-element-bfc8630 wd-section-stretch e-flex e-con-boxed e-con e-parent\" data-id=\"bfc8630\" data-element_type=\"container\" data-settings=\"{&quot;background_background&quot;:&quot;classic&quot;}\">\n\t\t\t\t\t<div class=\"e-con-inner\">\n\t\t<div class=\"wd-negative-gap elementor-element elementor-element-0679e24 e-flex e-con-boxed e-con e-child\" data-id=\"0679e24\" data-element_type=\"container\">\n\t\t\t\t\t<div class=\"e-con-inner\">\n\t\t<div class=\"elementor-element elementor-element-c68f1f9 e-con-full e-flex e-con e-child\" data-id=\"c68f1f9\" data-element_type=\"container\" data-settings=\"{&quot;background_background&quot;:&quot;classic&quot;}\">\n\t\t\t\t<div class=\"elementor-element elementor-element-2d41980 elementor-widget elementor-widget-heading\" data-id=\"2d41980\" data-element_type=\"widget\" data-widget_type=\"heading.default\">\n\t\t\t\t\t<h2 class=\"elementor-heading-title elementor-size-default\">T\u00e9rminos y condiciones <\/h2>\t\t\t\t<\/div>\n\t\t\t\t<div class=\"elementor-element elementor-element-534bc34 elementor-widget elementor-widget-woocommerce-breadcrumb\" data-id=\"534bc34\" data-element_type=\"widget\" data-widget_type=\"woocommerce-breadcrumb.default\">\n\t\t\t\t\t<nav class=\"wd-breadcrumbs woocommerce-breadcrumb\" aria-label=\"Breadcrumb\">\t\t\t\t<span class=\"wd-last\">\n\t\t\t\t\tInicio\t\t\t\t<\/span>\n\t\t\t<\/nav>\t\t\t\t<\/div>\n\t\t\t\t<\/div>\n\t\t\t\t\t<\/div>\n\t\t\t\t<\/div>\n\t\t\t\t\t<\/div>\n\t\t\t\t<\/div>\n\t\t<div class=\"wd-negative-gap elementor-element elementor-element-55adf235 e-flex e-con-boxed e-con e-parent\" data-id=\"55adf235\" data-element_type=\"container\">\n\t\t\t\t\t<div class=\"e-con-inner\">\n\t\t\t\t\t<link rel=\"stylesheet\" id=\"wd-mod-animations-keyframes-css\" href=\"https:\/\/mashost.cl\/uprende\/wp-content\/themes\/woodmart\/css\/parts\/mod-animations-keyframes.min.css?ver=8.2.5\" type=\"text\/css\" media=\"all\" \/> \t\t\t\t\t<div class=\"elementor-element elementor-element-8270bf4 elementor-invisible elementor-widget elementor-widget-heading\" data-id=\"8270bf4\" data-element_type=\"widget\" data-settings=\"{&quot;_animation&quot;:&quot;fadeInDown&quot;}\" data-widget_type=\"heading.default\">\n\t\t\t\t\t<h2 class=\"elementor-heading-title elementor-size-default\">Informaci\u00f3n Relevante<\/h2>\t\t\t\t<\/div>\n\t\t\t\t<div class=\"elementor-element elementor-element-456031f color-scheme-inherit text-left elementor-invisible elementor-widget elementor-widget-text-editor\" data-id=\"456031f\" data-element_type=\"widget\" data-settings=\"{&quot;_animation&quot;:&quot;wd-anim-zoom-in&quot;}\" data-widget_type=\"text-editor.default\">\n\t\t\t\t\t\t\t\t\t<p>Es requisito necesario para la adquisici\u00f3n de los productos que se ofrecen en este sitio, que lea y acepte los siguientes T\u00e9rminos y Condiciones que a continuaci\u00f3n se redactan. El uso de nuestros servicios as\u00ed como la compra de nuestros productos implicar\u00e1 que usted ha le\u00eddo y aceptado los T\u00e9rminos y Condiciones de Uso en el presente documento. Todas los productos que son ofrecidos por nuestro sitio web pudieran ser creadas, cobradas, enviadas o presentadas por una p\u00e1gina web tercera y en tal caso estar\u00edan sujetas a sus propios T\u00e9rminos y Condiciones. En algunos casos, para adquirir un producto, ser\u00e1 necesario el registro por parte del usuario, con ingreso de datos personales fidedignos y definici\u00f3n de una contrase\u00f1a.<\/p>\n<p>El usuario puede elegir y cambiar la clave para su acceso de administraci\u00f3n de la cuenta en cualquier momento, en caso de que se haya registrado y que sea necesario para la compra de alguno de nuestros productos. https:\/\/www.uprende.cl no asume la responsabilidad en caso de que entregue dicha clave a terceros.<\/p>\n<p>Todas las compras y transacciones que se lleven a cabo por medio de este sitio web, est\u00e1n sujetas a un proceso de confirmaci\u00f3n y verificaci\u00f3n, el cual podr\u00eda incluir la verificaci\u00f3n del stock y disponibilidad de producto, validaci\u00f3n de la forma de pago, validaci\u00f3n de la factura (en caso de existir) y el cumplimiento de las condiciones requeridas por el medio de pago seleccionado. En algunos casos puede que se requiera una verificaci\u00f3n por medio de correo electr\u00f3nico.<\/p>\n<p>Los precios de los productos ofrecidos en esta Tienda Online es v\u00e1lido solamente en las compras realizadas en este sitio web.<\/p>\t\t\t\t\t\t\t\t<\/div>\n\t\t\t\t<div class=\"elementor-element elementor-element-b468e7d elementor-invisible elementor-widget elementor-widget-heading\" data-id=\"b468e7d\" data-element_type=\"widget\" data-settings=\"{&quot;_animation&quot;:&quot;fadeInDown&quot;}\" data-widget_type=\"heading.default\">\n\t\t\t\t\t<h2 class=\"elementor-heading-title elementor-size-default\">Licencia<\/h2>\t\t\t\t<\/div>\n\t\t\t\t<div class=\"elementor-element elementor-element-c790be2 color-scheme-inherit text-left elementor-invisible elementor-widget elementor-widget-text-editor\" data-id=\"c790be2\" data-element_type=\"widget\" data-settings=\"{&quot;_animation&quot;:&quot;wd-anim-zoom-in&quot;}\" data-widget_type=\"text-editor.default\">\n\t\t\t\t\t\t\t\t\t<p>Uprende a trav\u00e9s de su sitio web concede una licencia para que los usuarios utilicen los productos que son vendidos en este sitio web de acuerdo a los T\u00e9rminos y Condiciones que se describen en este documento.<\/p>\n<p>El usuario puede elegir y cambiar la clave para su acceso de administraci\u00f3n de la cuenta en cualquier momento, en caso de que se haya registrado y que sea necesario para la compra de alguno de nuestros productos. https:\/\/www.uprende.cl no asume la responsabilidad en caso de que entregue dicha clave a terceros.<\/p>\n<p>Todas las compras y transacciones que se lleven a cabo por medio de este sitio web, est\u00e1n sujetas a un proceso de confirmaci\u00f3n y verificaci\u00f3n, el cual podr\u00eda incluir la verificaci\u00f3n del stock y disponibilidad de producto, validaci\u00f3n de la forma de pago, validaci\u00f3n de la factura (en caso de existir) y el cumplimiento de las condiciones requeridas por el medio de pago seleccionado. En algunos casos puede que se requiera una verificaci\u00f3n por medio de correo electr\u00f3nico.<\/p>\n<p>Los precios de los productos ofrecidos en esta Tienda Online es v\u00e1lido solamente en las compras realizadas en este sitio web.<\/p>\t\t\t\t\t\t\t\t<\/div>\n\t\t\t\t<div class=\"elementor-element elementor-element-1258f6b elementor-invisible elementor-widget elementor-widget-heading\" data-id=\"1258f6b\" data-element_type=\"widget\" data-settings=\"{&quot;_animation&quot;:&quot;fadeInDown&quot;}\" data-widget_type=\"heading.default\">\n\t\t\t\t\t<h2 class=\"elementor-heading-title elementor-size-default\">Uso no Autorizado<\/h2>\t\t\t\t<\/div>\n\t\t\t\t<div class=\"elementor-element elementor-element-3e7b47c color-scheme-inherit text-left elementor-invisible elementor-widget elementor-widget-text-editor\" data-id=\"3e7b47c\" data-element_type=\"widget\" data-settings=\"{&quot;_animation&quot;:&quot;wd-anim-zoom-in&quot;}\" data-widget_type=\"text-editor.default\">\n\t\t\t\t\t\t\t\t\t<p>En caso de que aplique (para venta de software, templetes, u otro producto de dise\u00f1o y programaci\u00f3n) usted no puede colocar uno de nuestros productos, modificado o sin modificar, en un CD, sitio web o ning\u00fan otro medio y ofrecerlos para la redistribuci\u00f3n o la reventa de ning\u00fan tipo.<\/p>\t\t\t\t\t\t\t\t<\/div>\n\t\t\t\t<div class=\"elementor-element elementor-element-60fca95 elementor-invisible elementor-widget elementor-widget-heading\" data-id=\"60fca95\" data-element_type=\"widget\" data-settings=\"{&quot;_animation&quot;:&quot;fadeInDown&quot;}\" data-widget_type=\"heading.default\">\n\t\t\t\t\t<h2 class=\"elementor-heading-title elementor-size-default\">Propiedad<\/h2>\t\t\t\t<\/div>\n\t\t\t\t<div class=\"elementor-element elementor-element-491f75c color-scheme-inherit text-left elementor-invisible elementor-widget elementor-widget-text-editor\" data-id=\"491f75c\" data-element_type=\"widget\" data-settings=\"{&quot;_animation&quot;:&quot;wd-anim-zoom-in&quot;}\" data-widget_type=\"text-editor.default\">\n\t\t\t\t\t\t\t\t\t<p>Usted no puede declarar propiedad intelectual o exclusiva a ninguno de nuestros productos, modificado o sin modificar. Todos los productos son propiedad de los proveedores del contenido. En caso de que no se especifique lo contrario, nuestros productos se proporcionan sin ning\u00fan tipo de garant\u00eda, expresa o impl\u00edcita. En ning\u00fan caso esta compa\u00f1\u00eda ser\u00e1 responsable de ning\u00fan da\u00f1o, incluyendo, pero no limitado a, da\u00f1os directos, indirectos, especiales, fortuitos o consecuentes u otras p\u00e9rdidas resultantes del uso o de la imposibilidad de utilizar nuestros productos.<\/p>\t\t\t\t\t\t\t\t<\/div>\n\t\t\t\t<div class=\"elementor-element elementor-element-7f830b3 elementor-invisible elementor-widget elementor-widget-heading\" data-id=\"7f830b3\" data-element_type=\"widget\" data-settings=\"{&quot;_animation&quot;:&quot;fadeInDown&quot;}\" data-widget_type=\"heading.default\">\n\t\t\t\t\t<h2 class=\"elementor-heading-title elementor-size-default\">Pol\u00edtica de Reembolso y Garant\u00eda<\/h2>\t\t\t\t<\/div>\n\t\t\t\t<div class=\"elementor-element elementor-element-4500832 color-scheme-inherit text-left elementor-invisible elementor-widget elementor-widget-text-editor\" data-id=\"4500832\" data-element_type=\"widget\" data-settings=\"{&quot;_animation&quot;:&quot;wd-anim-zoom-in&quot;}\" data-widget_type=\"text-editor.default\">\n\t\t\t\t\t\t\t\t\t<p>En el caso de productos que sean mercanc\u00edas irrevocables no-tangibles, no realizamos reembolsos despu\u00e9s de que se env\u00ede el producto, usted tiene la responsabilidad de entender antes de comprarlo. Le pedimos que lea cuidadosamente antes de comprarlo. Hacemos solamente excepciones con esta regla cuando la descripci\u00f3n no se ajusta al producto. Hay algunos productos que pudieran tener garant\u00eda y posibilidad de reembolso pero este ser\u00e1 especificado al comprar el producto. En tales casos la garant\u00eda solo cubrir\u00e1 fallas de f\u00e1brica y s\u00f3lo se har\u00e1 efectiva cuando el producto se haya usado correctamente. La garant\u00eda no cubre aver\u00edas o da\u00f1os ocasionados por uso indebido. Los t\u00e9rminos de la garant\u00eda est\u00e1n asociados a fallas de fabricaci\u00f3n y funcionamiento en condiciones normales de los productos y s\u00f3lo se har\u00e1n efectivos estos t\u00e9rminos si el equipo ha sido usado correctamente. Esto incluye:<\/p>\t\t\t\t\t\t\t\t<\/div>\n\t\t\t\t<div class=\"elementor-element elementor-element-af306f7 color-scheme-inherit text-left elementor-invisible elementor-widget elementor-widget-text-editor\" data-id=\"af306f7\" data-element_type=\"widget\" data-settings=\"{&quot;_animation&quot;:&quot;wd-anim-zoom-in&quot;}\" data-widget_type=\"text-editor.default\">\n\t\t\t\t\t\t\t\t\t<ul>\n<li>De acuerdo a las especificaciones t\u00e9cnicas indicadas para cada producto.<\/li>\n<li>En condiciones ambientales acorde con las especificaciones indicadas por el fabricante.<\/li>\n<li>En uso espec\u00edfico para la funci\u00f3n con que fue dise\u00f1ado de f\u00e1brica.<\/li>\n<li>En condiciones de operaci\u00f3n el\u00e9ctricas, acorde con las especificaciones y tolerancias indicadas.<\/li>\n<\/ul>\t\t\t\t\t\t\t\t<\/div>\n\t\t\t\t<div class=\"elementor-element elementor-element-6a50da9 elementor-invisible elementor-widget elementor-widget-heading\" data-id=\"6a50da9\" data-element_type=\"widget\" data-settings=\"{&quot;_animation&quot;:&quot;fadeInDown&quot;}\" data-widget_type=\"heading.default\">\n\t\t\t\t\t<h2 class=\"elementor-heading-title elementor-size-default\">Comprobaci\u00f3n Antifraude<\/h2>\t\t\t\t<\/div>\n\t\t\t\t<div class=\"elementor-element elementor-element-475012e color-scheme-inherit text-left elementor-invisible elementor-widget elementor-widget-text-editor\" data-id=\"475012e\" data-element_type=\"widget\" data-settings=\"{&quot;_animation&quot;:&quot;wd-anim-zoom-in&quot;}\" data-widget_type=\"text-editor.default\">\n\t\t\t\t\t\t\t\t\t<p>La compra del cliente puede ser aplazada para la comprobaci\u00f3n antifraude. Tambi\u00e9n puede ser suspendida por m\u00e1s tiempo para una investigaci\u00f3n m\u00e1s rigurosa, para evitar transacciones fraudulentas.<\/p>\t\t\t\t\t\t\t\t<\/div>\n\t\t\t\t<div class=\"elementor-element elementor-element-062beb3 elementor-invisible elementor-widget elementor-widget-heading\" data-id=\"062beb3\" data-element_type=\"widget\" data-settings=\"{&quot;_animation&quot;:&quot;fadeInDown&quot;}\" data-widget_type=\"heading.default\">\n\t\t\t\t\t<h2 class=\"elementor-heading-title elementor-size-default\">Privacidad<\/h2>\t\t\t\t<\/div>\n\t\t\t\t<div class=\"elementor-element elementor-element-b54f6b9 color-scheme-inherit text-left elementor-invisible elementor-widget elementor-widget-text-editor\" data-id=\"b54f6b9\" data-element_type=\"widget\" data-settings=\"{&quot;_animation&quot;:&quot;wd-anim-zoom-in&quot;}\" data-widget_type=\"text-editor.default\">\n\t\t\t\t\t\t\t\t\t<p>Este https:\/\/www.uprende.cl garantiza que la informaci\u00f3n personal que usted env\u00eda cuenta con la seguridad necesaria. Los datos ingresados por usuario o en el caso de requerir una validaci\u00f3n de los pedidos no ser\u00e1n entregados a terceros, salvo que deba ser revelada en cumplimiento a una orden judicial o requerimientos legales.<\/p>\n<p>La suscripci\u00f3n a boletines de correos electr\u00f3nicos publicitarios es voluntaria y podr\u00eda ser seleccionada al momento de crear su cuenta.<\/p>\n<p>Uprende reserva los derechos de cambiar o de modificar estos t\u00e9rminos sin previo aviso.<br \/>Importante:<\/p>\n<p>Debido a la situaci\u00f3n sanitaria por COVID-19, la comisi\u00f3n organizadora se reserva el derecho de postergar el curso de ser necesario, dando aviso oportuno a todos los participantes con hasta con 24 horas de anticipaci\u00f3n a la jornada e informando la nueva fecha programada. Si \u00e9l no est\u00e1 conforme con el cambio de fecha, podr\u00e1 retractarse de su inscripci\u00f3n y tendr\u00e1 derecho a devoluci\u00f3n de su dinero dentro de un plazo de 30 d\u00edas. Si eventualmente la jornada llega a ser cancelada, se realizar\u00e1 la devoluci\u00f3n del dinero pagado con un plazo de hasta 10 d\u00edas h\u00e1biles.<\/p>\t\t\t\t\t\t\t\t<\/div>\n\t\t\t\t\t<\/div>\n\t\t\t\t<\/div>\n\t\t\t\t<\/div>\n\t\t","protected":false},"excerpt":{"rendered":"<p>T\u00e9rminos y condiciones Informaci\u00f3n Relevante Es requisito necesario para la adquisici\u00f3n de los productos que se ofrecen en este sitio,<\/p>\n","protected":false},"author":1,"featured_media":0,"parent":0,"menu_order":0,"comment_status":"closed","ping_status":"closed","template":"elementor_header_footer","meta":{"footnotes":""},"class_list":["post-118","page","type-page","status-publish","hentry"],"_links":{"self":[{"href":"https:\/\/mashost.cl\/uprende\/wp-json\/wp\/v2\/pages\/118","targetHints":{"allow":["GET"]}}],"collection":[{"href":"https:\/\/mashost.cl\/uprende\/wp-json\/wp\/v2\/pages"}],"about":[{"href":"https:\/\/mashost.cl\/uprende\/wp-json\/wp\/v2\/types\/page"}],"author":[{"embeddable":true,"href":"https:\/\/mashost.cl\/uprende\/wp-json\/wp\/v2\/users\/1"}],"replies":[{"embeddable":true,"href":"https:\/\/mashost.cl\/uprende\/wp-json\/wp\/v2\/comments?post=118"}],"version-history":[{"count":10,"href":"https:\/\/mashost.cl\/uprende\/wp-json\/wp\/v2\/pages\/118\/revisions"}],"predecessor-version":[{"id":225,"href":"https:\/\/mashost.cl\/uprende\/wp-json\/wp\/v2\/pages\/118\/revisions\/225"}],"wp:attachment":[{"href":"https:\/\/mashost.cl\/uprende\/wp-json\/wp\/v2\/media?parent=118"}],"curies":[{"name":"wp","href":"https:\/\/api.w.org\/{rel}","templated":true}]}}